{"id":4778,"date":"2025-04-07T17:02:14","date_gmt":"2025-04-07T20:02:14","guid":{"rendered":"https:\/\/facundoguerra.com.br\/fractal\/?page_id=4778"},"modified":"2025-04-07T17:02:14","modified_gmt":"2025-04-07T20:02:14","slug":"termos-e-condicoes","status":"publish","type":"page","link":"https:\/\/facundoguerra.com.br\/fractal\/termos-e-condicoes\/","title":{"rendered":"Termos e Condi\u00e7\u00f5es"},"content":{"rendered":"<h2>Termos e Condi\u00e7\u00f5es<\/h2>\n<h3>1. Nosso site<\/h3>\n<p>O endere\u00e7o do nosso site \u00e9: <a href=\"https:\/\/facundoguerra.com.br\/fractal\" target=\"_blank\" rel=\"noopener\">facundoguerra.com.br\/fractal<\/a><\/p>\n<p>Coletamos alguns dados diretamente de voc\u00ea, como as informa\u00e7\u00f5es que voc\u00ea mesmo fornece, dados sobre sua participa\u00e7\u00e3o nos cursos e dados de plataformas de terceiros que voc\u00ea conecta conosco. Tamb\u00e9m coletamos automaticamente alguns dados, como informa\u00e7\u00f5es sobre o seu dispositivo e sobre quais partes dos nossos servi\u00e7os voc\u00ea interage ou utiliza com mais frequ\u00eancia.<\/p>\n<h3>2. Dados que voc\u00ea nos fornece<\/h3>\n<p>Podemos coletar diferentes tipos de dados sobre voc\u00ea, dependendo de como voc\u00ea utiliza os servi\u00e7os. Abaixo est\u00e3o alguns exemplos para ajudar a entender melhor quais dados coletamos.<\/p>\n<h3>3. Como obtemos dados sobre voc\u00ea<\/h3>\n<p>Utilizamos ferramentas como cookies, web beacons, servi\u00e7os de an\u00e1lise e provedores de publicidade para coletar os dados mencionados acima. Algumas dessas ferramentas permitem que voc\u00ea opte por n\u00e3o participar da coleta de dados.<\/p>\n<h3>4. Para que usamos seus dados<\/h3>\n<ul>\n<li>Responder \u00e0s suas d\u00favidas e solicita\u00e7\u00f5es;<\/li>\n<li>Enviar mensagens administrativas e informativas, incluindo mensagens de instrutores e assistentes de ensino, notifica\u00e7\u00f5es sobre altera\u00e7\u00f5es nos nossos Servi\u00e7os e atualiza\u00e7\u00f5es nos nossos termos e pol\u00edticas;<\/li>\n<li>Enviar notifica\u00e7\u00f5es para o seu dispositivo m\u00f3vel com atualiza\u00e7\u00f5es e mensagens relevantes (essas notifica\u00e7\u00f5es podem ser gerenciadas na p\u00e1gina de \u201cop\u00e7\u00f5es\u201d ou \u201cconfigura\u00e7\u00f5es\u201d do aplicativo).<\/li>\n<\/ul>\n<h3>5. Suas op\u00e7\u00f5es sobre o uso dos seus dados<\/h3>\n<p>Voc\u00ea pode optar por n\u00e3o fornecer determinados dados, mas isso pode limitar o uso de algumas funcionalidades dos servi\u00e7os.<\/p>\n<p>Para parar de receber comunica\u00e7\u00f5es promocionais, voc\u00ea pode cancelar a inscri\u00e7\u00e3o utilizando o mecanismo de descadastramento presente nas mensagens ou ajustando suas prefer\u00eancias de e-mail na sua conta. Note que, independentemente das suas prefer\u00eancias de e-mail, continuaremos a enviar mensagens transacionais e administrativas relacionadas aos Servi\u00e7os, como confirma\u00e7\u00f5es de pedidos, atualiza\u00e7\u00f5es importantes e notifica\u00e7\u00f5es sobre nossas pol\u00edticas.<\/p>\n<p>Seu navegador ou dispositivo pode permitir o controle de cookies e outros tipos de armazenamento local de dados. Seu dispositivo m\u00f3vel tamb\u00e9m pode oferecer op\u00e7\u00f5es para controlar o compartilhamento de dados de localiza\u00e7\u00e3o e outras informa\u00e7\u00f5es.<\/p>\n<p>Para atualizar os dados que voc\u00ea forneceu diretamente, acesse sua conta e atualize suas informa\u00e7\u00f5es a qualquer momento.<\/p>\n","protected":false},"excerpt":{"rendered":"<p>Termos e Condi\u00e7\u00f5es 1. Nosso site O endere\u00e7o do nosso site \u00e9: facundoguerra.com.br\/fractal Coletamos alguns dados diretamente de voc\u00ea, como as informa\u00e7\u00f5es que voc\u00ea mesmo fornece, dados sobre sua participa\u00e7\u00e3o nos cursos e dados de plataformas de terceiros que voc\u00ea conecta conosco. Tamb\u00e9m coletamos automaticamente alguns dados, como informa\u00e7\u00f5es sobre o seu dispositivo e sobre <\/p>\n","protected":false},"author":1,"featured_media":0,"parent":0,"menu_order":0,"comment_status":"closed","ping_status":"closed","template":"","meta":{"_acf_changed":false,"_joinchat":[],"footnotes":""},"class_list":["post-4778","page","type-page","status-publish","hentry"],"acf":[],"_links":{"self":[{"href":"https:\/\/facundoguerra.com.br\/fractal\/wp-json\/wp\/v2\/pages\/4778","targetHints":{"allow":["GET"]}}],"collection":[{"href":"https:\/\/facundoguerra.com.br\/fractal\/wp-json\/wp\/v2\/pages"}],"about":[{"href":"https:\/\/facundoguerra.com.br\/fractal\/wp-json\/wp\/v2\/types\/page"}],"author":[{"embeddable":true,"href":"https:\/\/facundoguerra.com.br\/fractal\/wp-json\/wp\/v2\/users\/1"}],"replies":[{"embeddable":true,"href":"https:\/\/facundoguerra.com.br\/fractal\/wp-json\/wp\/v2\/comments?post=4778"}],"version-history":[{"count":0,"href":"https:\/\/facundoguerra.com.br\/fractal\/wp-json\/wp\/v2\/pages\/4778\/revisions"}],"wp:attachment":[{"href":"https:\/\/facundoguerra.com.br\/fractal\/wp-json\/wp\/v2\/media?parent=4778"}],"curies":[{"name":"wp","href":"https:\/\/api.w.org\/{rel}","templated":true}]}}